{"id":66,"date":"2024-09-16T16:10:48","date_gmt":"2024-09-16T16:10:48","guid":{"rendered":"https:\/\/imagoomnia.it\/?page_id=66"},"modified":"2024-11-20T10:02:56","modified_gmt":"2024-11-20T10:02:56","slug":"imago-omnia","status":"publish","type":"page","link":"https:\/\/imagoomnia.it\/","title":{"rendered":"IMAGO OMNIA"},"content":{"rendered":"\n<p><\/p>\n\n\n\n<h2 class=\"wp-block-heading\">Chi Siamo<\/h2>\n\n\n\n<p>IMAGO OMNIA \u00e8 una associazione dedicata alla promozione della musica, dell&#8217;arte e dell&#8217;inclusione sociale. Il nostro obiettivo \u00e8 creare un ambiente in cui tutti possano esprimersi attraverso forme creative e collaborative.<\/p>\n\n\n\n<p><\/p>\n\n\n\n<h3 class=\"wp-block-heading\">La Nostra Missione<\/h3>\n\n\n\n<p>La nostra missione \u00e8 di utilizzare il potere trasformativo dell&#8217;arte e della musica per promuovere l&#8217;inclusione sociale, favorire il dialogo interculturale e offrire opportunit\u00e0 di crescita personale e professionale a tutti i membri della comunit\u00e0.<\/p>\n\n\n\n<h3 class=\"wp-block-heading\">I Nostri Valori<\/h3>\n\n\n\n<ul class=\"wp-block-list\">\n<li>Creativit\u00e0: Crediamo nel potere dell&#8217;espressione creativa come mezzo di crescita personale e sociale.<\/li>\n\n\n\n<li>Inclusione: Lavoriamo per creare un ambiente accogliente e accessibile a tutti, indipendentemente da background o abilit\u00e0.<\/li>\n\n\n\n<li>Collaborazione: Promuoviamo la cooperazione e lo scambio di idee tra diverse discipline e culture.<\/li>\n\n\n\n<li>Innovazione: Siamo sempre alla ricerca di nuovi modi per coinvolgere la comunit\u00e0 e affrontare le sfide sociali.<\/li>\n<\/ul>\n\n\n\n<h3 class=\"wp-block-heading\">Il Nostro Team<\/h3>\n\n\n\n<p>Il team di IMAGO OMNIA \u00e8 composto da professionisti appassionati provenienti da diverse discipline: artisti visivi, musicisti, educatori, terapisti e operatori sociali. Questa diversit\u00e0 di competenze ci permette di offrire una vasta gamma di programmi e servizi alla nostra comunit\u00e0.<\/p>\n\n\n\n<div class=\"wp-block-group alignfull has-ast-global-color-5-background-color has-background is-layout-constrained wp-container-core-group-is-layout-9cedb757 wp-block-group-is-layout-constrained\" style=\"padding-bottom:0px\">\n<div class=\"wp-block-columns are-vertically-aligned-top is-layout-flex wp-container-core-columns-is-layout-00723822 wp-block-columns-is-layout-flex\">\n<div class=\"wp-block-column is-vertically-aligned-top is-layout-flow wp-container-core-column-is-layout-6b73ce23 wp-block-column-is-layout-flow\">\n<figure class=\"wp-block-image size-large\"><img decoding=\"async\" src=\"https:\/\/imagoomnia.it\/wp-content\/themes\/astra\/inc\/assets\/images\/starter-content\/building.svg\" alt=\"\" class=\"wp-image-134\"\/><\/figure>\n\n\n\n<h3 class=\"wp-block-heading has-text-align-left\" style=\"margin-top:16px\"><br><strong>Collaborazioni<\/strong><\/h3>\n\n\n\n<p class=\"has-text-align-left\">Lorem ipsum dolor consectetur adipiscing elit eiusmod.<\/p>\n<\/div>\n\n\n\n<div class=\"wp-block-column is-vertically-aligned-top is-layout-flow wp-container-core-column-is-layout-6b73ce23 wp-block-column-is-layout-flow\">\n<figure class=\"wp-block-image size-large\"><img decoding=\"async\" src=\"https:\/\/imagoomnia.it\/wp-content\/themes\/astra\/inc\/assets\/images\/starter-content\/shopping-bag.svg\" alt=\"\" class=\"wp-image-135\"\/><\/figure>\n\n\n\n<h3 class=\"wp-block-heading has-text-align-left\" style=\"margin-top:16px\"><br><strong>Arte, Musica, Spettacolo<\/strong><\/h3>\n\n\n\n<p class=\"has-text-align-left\">Lorem ipsum dolor consectetur adipiscing elit eiusmod.<\/p>\n<\/div>\n\n\n\n<div class=\"wp-block-column is-vertically-aligned-top is-layout-flow wp-container-core-column-is-layout-6b73ce23 wp-block-column-is-layout-flow\">\n<figure class=\"wp-block-image size-large\"><img decoding=\"async\" src=\"https:\/\/imagoomnia.it\/wp-content\/themes\/astra\/inc\/assets\/images\/starter-content\/blog.svg\" alt=\"\" class=\"wp-image-136\"\/><\/figure>\n\n\n\n<h3 class=\"wp-block-heading has-text-align-left\" style=\"margin-top:16px\"><br><strong>Alberghi, viaggi, divertimento<\/strong><\/h3>\n\n\n\n<p class=\"has-text-align-left\">Lorem ipsum dolor consectetur adipiscing elit eiusmod.<\/p>\n<\/div>\n\n\n\n<div class=\"wp-block-column is-vertically-aligned-top is-layout-flow wp-container-core-column-is-layout-6b73ce23 wp-block-column-is-layout-flow\">\n<figure class=\"wp-block-image size-large\"><img decoding=\"async\" src=\"https:\/\/imagoomnia.it\/wp-content\/themes\/astra\/inc\/assets\/images\/starter-content\/portfolio.svg\" alt=\"\" class=\"wp-image-137\"\/><\/figure>\n\n\n\n<h3 class=\"wp-block-heading has-text-align-left\" style=\"margin-top:16px\"><br><strong>Editoria e formazione<\/strong><\/h3>\n\n\n\n<p class=\"has-text-align-left\">Lorem ipsum dolor consectetur adipiscing elit eiusmod.<\/p>\n<\/div>\n<\/div>\n<\/div>\n\n\n\n<h2 class=\"wp-block-heading\">Musica<\/h2>\n\n\n\n<p>Attraverso la musica, cerchiamo di unire le persone e creare armonia nella comunit\u00e0. Organizziamo concerti, workshop e lezioni di musica accessibili a tutti.<\/p>\n\n\n\n<h2 class=\"wp-block-heading\">Arte<\/h2>\n\n\n\n<p>L&#8217;arte \u00e8 un potente mezzo di espressione. Promuoviamo mostre, laboratori artistici e progetti che incoraggiano la creativit\u00e0 e l&#8217;espressione personale.<\/p>\n\n\n\n<h2 class=\"wp-block-heading\">Inclusione Sociale<\/h2>\n\n\n\n<p>Crediamo nell&#8217;importanza dell&#8217;inclusione sociale. I nostri programmi sono progettati per coinvolgere persone di tutte le et\u00e0, background e abilit\u00e0, promuovendo un senso di appartenenza e comunit\u00e0.<\/p>\n\n\n\n<hr class=\"wp-block-separator has-css-opacity is-style-default\"\/>\n\n\n\n<figure class=\"wp-block-image aligncenter size-large is-resized is-style-rounded\"><img decoding=\"async\" src=\"https:\/\/s.w.org\/images\/core\/5.8\/portrait.jpg\" alt=\"Profilo di una donna con un maglione dolcevita ruggine e borsa bianca. Sta guardando in alto con gli occhi chiusi.\" style=\"width:150px;height:150px\"\/><\/figure>\n\n\n\n<blockquote class=\"wp-block-quote has-text-align-center is-style-large is-layout-flow wp-block-quote-is-layout-flow\">\n<p>&#8220;Contribuire mi fa sentire di essere utile al pianeta.&#8221;<\/p>\n<cite>\u2014 Anna Wong, <em>Volontario<\/em><\/cite><\/blockquote>\n\n\n\n<hr class=\"wp-block-separator has-css-opacity is-style-default\"\/>\n","protected":false},"excerpt":{"rendered":"<p>Chi Siamo IMAGO OMNIA \u00e8 una associazione dedicata alla promozione della musica, dell&#8217;arte e dell&#8217;inclusione sociale. Il nostro obiettivo \u00e8 [&hellip;]<\/p>\n","protected":false},"author":2,"featured_media":71,"parent":0,"menu_order":0,"comment_status":"closed","ping_status":"closed","template":"","meta":{"site-sidebar-layout":"default","site-content-layout":"","ast-site-content-layout":"normal-width-container","site-content-style":"boxed","site-sidebar-style":"default","ast-global-header-display":"","ast-banner-title-visibility":"","ast-main-header-display":"","ast-hfb-above-header-display":"","ast-hfb-below-header-display":"","ast-hfb-mobile-header-display":"","site-post-title":"","ast-breadcrumbs-content":"","ast-featured-img":"","footer-sml-layout":"","theme-transparent-header-meta":"","adv-header-id-meta":"","stick-header-meta":"","header-above-stick-meta":"","header-main-stick-meta":"","header-below-stick-meta":"","astra-migrate-meta-layouts":"default","ast-page-background-enabled":"default","ast-page-background-meta":{"desktop":{"background-color":"var(--ast-global-color-4)","background-image":"","background-repeat":"repeat","background-position":"center center","background-size":"auto","background-attachment":"scroll","background-type":"","background-media":"","overlay-type":"","overlay-color":"","overlay-opacity":"","overlay-gradient":""},"tablet":{"background-color":"","background-image":"","background-repeat":"repeat","background-position":"center center","background-size":"auto","background-attachment":"scroll","background-type":"","background-media":"","overlay-type":"","overlay-color":"","overlay-opacity":"","overlay-gradient":""},"mobile":{"background-color":"","background-image":"","background-repeat":"repeat","background-position":"center center","background-size":"auto","background-attachment":"scroll","background-type":"","background-media":"","overlay-type":"","overlay-color":"","overlay-opacity":"","overlay-gradient":""}},"ast-content-background-meta":{"desktop":{"background-color":"var(--ast-global-color-5)","background-image":"","background-repeat":"repeat","background-position":"center center","background-size":"auto","background-attachment":"scroll","background-type":"","background-media":"","overlay-type":"","overlay-color":"","overlay-opacity":"","overlay-gradient":""},"tablet":{"background-color":"var(--ast-global-color-5)","background-image":"","background-repeat":"repeat","background-position":"center center","background-size":"auto","background-attachment":"scroll","background-type":"","background-media":"","overlay-type":"","overlay-color":"","overlay-opacity":"","overlay-gradient":""},"mobile":{"background-color":"var(--ast-global-color-5)","background-image":"","background-repeat":"repeat","background-position":"center center","background-size":"auto","background-attachment":"scroll","background-type":"","background-media":"","overlay-type":"","overlay-color":"","overlay-opacity":"","overlay-gradient":""}},"footnotes":""},"class_list":["post-66","page","type-page","status-publish","has-post-thumbnail","hentry"],"_links":{"self":[{"href":"https:\/\/imagoomnia.it\/index.php?rest_route=\/wp\/v2\/pages\/66","targetHints":{"allow":["GET"]}}],"collection":[{"href":"https:\/\/imagoomnia.it\/index.php?rest_route=\/wp\/v2\/pages"}],"about":[{"href":"https:\/\/imagoomnia.it\/index.php?rest_route=\/wp\/v2\/types\/page"}],"author":[{"embeddable":true,"href":"https:\/\/imagoomnia.it\/index.php?rest_route=\/wp\/v2\/users\/2"}],"replies":[{"embeddable":true,"href":"https:\/\/imagoomnia.it\/index.php?rest_route=%2Fwp%2Fv2%2Fcomments&post=66"}],"version-history":[{"count":7,"href":"https:\/\/imagoomnia.it\/index.php?rest_route=\/wp\/v2\/pages\/66\/revisions"}],"predecessor-version":[{"id":91,"href":"https:\/\/imagoomnia.it\/index.php?rest_route=\/wp\/v2\/pages\/66\/revisions\/91"}],"wp:featuredmedia":[{"embeddable":true,"href":"https:\/\/imagoomnia.it\/index.php?rest_route=\/wp\/v2\/media\/71"}],"wp:attachment":[{"href":"https:\/\/imagoomnia.it\/index.php?rest_route=%2Fwp%2Fv2%2Fmedia&parent=66"}],"curies":[{"name":"wp","href":"https:\/\/api.w.org\/{rel}","templated":true}]}}